{"id":11,"date":"2023-01-12T12:00:00","date_gmt":"2023-01-12T11:00:00","guid":{"rendered":"http:\/\/ucp94.com\/?page_id=11"},"modified":"2025-04-08T12:04:00","modified_gmt":"2025-04-08T10:04:00","slug":"le-nouveau-e-mucem-ouvre-ses-portes-2","status":"publish","type":"page","link":"https:\/\/ucp94.com\/","title":{"rendered":"Unit\u00e9 Citoyenne de Pr\u00e9vention"},"content":{"rendered":"\n<iframe loading=\"lazy\" width=\"540\" height=\"305\" src=\"https:\/\/sibforms.com\/serve\/MUIFAPs1uyrS0-txuwHIShGjcf5WLR1GZOr1cuCc0wdL_S16uuuZtkz64gSJ1PG8uBlxvAWVydPmXu9UEX2B9Tbtq1OHhndCE39_mBE1f3Z4p9NaMILzm08nfmUCQoDdDa6WRJmRxH2Hl9XuQvtmUFYZHJyuaUsv8QnXLwZGwTJvp7tBkzQ0MOVdCpAqg45-lwwjKLdJILN0nScP\" frameborder=\"0\" scrolling=\"auto\" allowfullscreen style=\"display: block;margin-left: auto;margin-right: auto;max-width: 100%;\"><\/iframe>\n\n\n\n<div class=\"wp-block-columns alignwide is-layout-flex wp-container-core-columns-is-layout-9d6595d7 wp-block-columns-is-layout-flex\">\n<div class=\"wp-block-column is-layout-flow wp-block-column-is-layout-flow\" style=\"flex-basis:3211px\" id=\"<iframe-id=&quot;haWidget&quot;-allowtransparency=&quot;true&quot;-src=&quot;https:\/\/www.helloasso.com\/associations\/unite-citoyenne-de-prevention\/adhesions\/adhesion-2025-2026\/widget-vignette&quot;-style=&quot;width:-350px;-height:-450px;-border:-none;&quot;&gt;<\/iframe&gt;\">\n<iframe id=\"haWidget\" allowtransparency=\"true\" src=\"https:\/\/www.helloasso.com\/associations\/unite-citoyenne-de-prevention\/adhesions\/adhesion-2025-2026\/widget-vignette\" style=\"width: 350px; height: 450px; border: none;\"><\/iframe>\n<\/div>\n\n\n\n<div class=\"wp-block-column is-layout-flow wp-block-column-is-layout-flow\" style=\"flex-basis:3212px\">\n<iframe id=\"haWidget\" allowtransparency=\"true\" src=\"https:\/\/www.helloasso.com\/associations\/unite-citoyenne-de-prevention\/boutiques\/goodies\/widget-vignette\" style=\"width: 350px; height: 450px; border: none;\"><\/iframe>\n<\/div>\n<\/div>\n\n\n\n<div class=\"wp-block-media-text alignwide is-stacked-on-mobile\" style=\"grid-template-columns:27% auto\"><figure class=\"wp-block-media-text__media\"><img loading=\"lazy\" decoding=\"async\" width=\"225\" height=\"225\" src=\"https:\/\/ucp94.com\/wp-content\/uploads\/2023\/06\/telechargement.jpeg\" alt=\"\" class=\"wp-image-61 size-full\" srcset=\"https:\/\/ucp94.com\/wp-content\/uploads\/2023\/06\/telechargement.jpeg 225w, https:\/\/ucp94.com\/wp-content\/uploads\/2023\/06\/telechargement-150x150.jpeg 150w\" sizes=\"auto, (max-width: 225px) 100vw, 225px\" \/><\/figure><div class=\"wp-block-media-text__content\">\n<p class=\"has-accent-color has-text-color\"><strong><u>L\u2019U.C.P. a pour objectifs&nbsp;:<\/u><\/strong><\/p>\n\n\n\n<p>D\u00e9velopper, promouvoir et accompagner l\u2019engagement citoyen sur la commune notamment aupr\u00e8s de la jeunesse.<\/p>\n\n\n\n<p>Encourager le b\u00e9n\u00e9volat et l\u2019implication dans la vie associative locale.<\/p>\n\n\n\n<p class=\"has-accent-color has-text-color\"><strong><u>L\u2019U.C.P. a pour missions&nbsp;:<\/u><\/strong><\/p>\n\n\n\n<p>L\u2019information et la pr\u00e9vention au travers de r\u00e9unions&nbsp;: la sant\u00e9, la citoyennet\u00e9, l\u2019environnement, la pr\u00e9vention des risques.<\/p>\n\n\n\n<p>Proposer des formations de secourismes accessible au plus grand nombre, en partenariat avec la Croix-Rouge. (PSC1, PSE&nbsp;(formations dipl\u00f4mantes et reconnues); l\u2019U.C.P prendra en charge 30% du co\u00fbt des formations pour ses adh\u00e9rents)<\/p>\n\n\n\n<p>Accompagner la jeunesse dans son parcours de citoyennet\u00e9&nbsp;: faire d\u00e9couvrir les diff\u00e9rents domaines d\u2019engagement principalement associatif au service des autres (Croix-Rouge Fran\u00e7aise, Pompiers de Paris)<\/p>\n<\/div><\/div>\n\n\n\n<div class=\"wp-block-media-text alignwide is-stacked-on-mobile\" style=\"grid-template-columns:28% auto\"><figure class=\"wp-block-media-text__media\"><img loading=\"lazy\" decoding=\"async\" width=\"85\" height=\"75\" src=\"https:\/\/ucp94.com\/wp-content\/uploads\/2023\/06\/telechargement-1.jpg\" alt=\"\" class=\"wp-image-64 size-full\"\/><\/figure><div class=\"wp-block-media-text__content\">\n<p class=\"has-accent-color has-text-color\"><strong><u>Les actions \u00e0 venir&nbsp;:<\/u><\/strong><\/p>\n\n\n\n<ul class=\"wp-block-list\">\n<li>Formation secourisme : PSC1 et PSE (en partenariat avec la Croix Rouge)<\/li>\n\n\n\n<li>Visite du centre de formation des Pompiers de Paris \u00e0 Villeneuve-St-Georges<\/li>\n<\/ul>\n<\/div><\/div>\n\n\n\n<p><\/p>\n\n\n\n<div class=\"wp-block-columns alignwide is-not-stacked-on-mobile is-layout-flex wp-container-core-columns-is-layout-9d6595d7 wp-block-columns-is-layout-flex\">\n<div class=\"wp-block-column is-layout-flow wp-block-column-is-layout-flow\">\n<iframe loading=\"lazy\" width=\"540\" height=\"305\" src=\"https:\/\/sibforms.com\/serve\/MUIFAPs1uyrS0-txuwHIShGjcf5WLR1GZOr1cuCc0wdL_S16uuuZtkz64gSJ1PG8uBlxvAWVydPmXu9UEX2B9Tbtq1OHhndCE39_mBE1f3Z4p9NaMILzm08nfmUCQoDdDa6WRJmRxH2Hl9XuQvtmUFYZHJyuaUsv8QnXLwZGwTJvp7tBkzQ0MOVdCpAqg45-lwwjKLdJILN0nScP\" frameborder=\"0\" scrolling=\"auto\" allowfullscreen style=\"display: block;margin-left: auto;margin-right: auto;max-width: 100%;\"><\/iframe>\n<\/div>\n<\/div>\n\n\n\n<p><\/p>\n\n\n\n<div class=\"wp-block-columns alignfull are-vertically-aligned-center is-layout-flex wp-container-core-columns-is-layout-9d6595d7 wp-block-columns-is-layout-flex\">\n<div class=\"wp-block-column is-vertically-aligned-center is-layout-flow wp-block-column-is-layout-flow\">\n<iframe loading=\"lazy\" width=\"540\" height=\"305\" src=\"https:\/\/sibforms.com\/serve\/MUIFAPs1uyrS0-txuwHIShGjcf5WLR1GZOr1cuCc0wdL_S16uuuZtkz64gSJ1PG8uBlxvAWVydPmXu9UEX2B9Tbtq1OHhndCE39_mBE1f3Z4p9NaMILzm08nfmUCQoDdDa6WRJmRxH2Hl9XuQvtmUFYZHJyuaUsv8QnXLwZGwTJvp7tBkzQ0MOVdCpAqg45-lwwjKLdJILN0nScP\" frameborder=\"0\" scrolling=\"auto\" allowfullscreen style=\"display: block;margin-left: auto;margin-right: auto;max-width: 100%;\"><\/iframe>\n<\/div>\n\n\n\n<div class=\"wp-block-column is-vertically-aligned-center is-layout-flow wp-block-column-is-layout-flow\">\n<iframe id=\"haWidget\" allowtransparency=\"true\" src=\"https:\/\/www.helloasso.com\/associations\/unite-citoyenne-de-prevention\/adhesions\/adhesion-2025-2026\/widget-vignette\" style=\"width: 350px; height: 450px; border: none;\"><\/iframe>\n<\/div>\n\n\n\n<div class=\"wp-block-column is-vertically-aligned-center is-layout-flow wp-block-column-is-layout-flow\">\n<iframe id=\"haWidget\" allowtransparency=\"true\" src=\"https:\/\/www.helloasso.com\/associations\/unite-citoyenne-de-prevention\/boutiques\/goodies\/widget-vignette\" style=\"width: 350px; height: 450px; border: none;\"><\/iframe>\n<\/div>\n<\/div>\n","protected":false},"excerpt":{"rendered":"<p>L\u2019U.C.P. a pour objectifs&nbsp;: D\u00e9velopper, promouvoir et accompagner l\u2019engagement citoyen sur la commune notamment aupr\u00e8s de la jeunesse. Encourager le b\u00e9n\u00e9volat et l\u2019implication dans la vie associative locale. L\u2019U.C.P. a pour missions&nbsp;: L\u2019information et la pr\u00e9vention au travers de r\u00e9unions&nbsp;: la sant\u00e9, la citoyennet\u00e9, l\u2019environnement, la pr\u00e9vention des risques. Proposer des formations de secourismes accessible [&hellip;]<\/p>\n","protected":false},"author":1,"featured_media":7,"parent":0,"menu_order":0,"comment_status":"closed","ping_status":"closed","template":"","meta":{"footnotes":""},"class_list":["post-11","page","type-page","status-publish","has-post-thumbnail","hentry"],"_links":{"self":[{"href":"https:\/\/ucp94.com\/index.php\/wp-json\/wp\/v2\/pages\/11","targetHints":{"allow":["GET"]}}],"collection":[{"href":"https:\/\/ucp94.com\/index.php\/wp-json\/wp\/v2\/pages"}],"about":[{"href":"https:\/\/ucp94.com\/index.php\/wp-json\/wp\/v2\/types\/page"}],"author":[{"embeddable":true,"href":"https:\/\/ucp94.com\/index.php\/wp-json\/wp\/v2\/users\/1"}],"replies":[{"embeddable":true,"href":"https:\/\/ucp94.com\/index.php\/wp-json\/wp\/v2\/comments?post=11"}],"version-history":[{"count":70,"href":"https:\/\/ucp94.com\/index.php\/wp-json\/wp\/v2\/pages\/11\/revisions"}],"predecessor-version":[{"id":226,"href":"https:\/\/ucp94.com\/index.php\/wp-json\/wp\/v2\/pages\/11\/revisions\/226"}],"wp:featuredmedia":[{"embeddable":true,"href":"https:\/\/ucp94.com\/index.php\/wp-json\/wp\/v2\/media\/7"}],"wp:attachment":[{"href":"https:\/\/ucp94.com\/index.php\/wp-json\/wp\/v2\/media?parent=11"}],"curies":[{"name":"wp","href":"https:\/\/api.w.org\/{rel}","templated":true}]}}